{"id":2550,"date":"2018-10-18T12:07:03","date_gmt":"2018-10-18T11:07:03","guid":{"rendered":"http:\/\/sigtunastiftelsen.se\/?page_id=2550"},"modified":"2018-10-20T14:11:03","modified_gmt":"2018-10-20T13:11:03","slug":"projects-collaborations","status":"publish","type":"page","link":"https:\/\/sigtunastiftelsen.se\/en\/research-development\/projects-collaborations\/","title":{"rendered":"Projects &#038; Collaborations"},"content":{"rendered":"<p>The Sigtuna Foundation operate as a center for education and research. Our main focus areas are: <em>The multicultural and multi-religious society<\/em> (Det m\u00e5ngreligi\u00f6sa och m\u00e5ngkulturella samh\u00e4llet<em>)<\/em>, <em>Media, faith and society<\/em> (Medier tro och samh\u00e4lle<em>)<\/em>, <em>Sustainability and humanism<\/em> (H\u00e5llbarhet f\u00f6r hela m\u00e4nniskan<em>)\u00a0<\/em>and <em>Dialogue, culture, science and faith<\/em> (Dialog kultur, vetenskap och tro<em>)<\/em>.<\/p>\n","protected":false},"excerpt":{"rendered":"<p>The Sigtuna Foundation operate as a center for education and research. Our main focus areas are: The multicultural and multi-religious society (Det m\u00e5ngreligi\u00f6sa och m\u00e5ngkulturella samh\u00e4llet), Media, faith and society (Medier tro och samh\u00e4lle), Sustainability and humanism (H\u00e5llbarhet f\u00f6r hela m\u00e4nniskan)\u00a0and Dialogue, culture, science and faith (Dialog kultur, vetenskap och tro).<\/p>\n","protected":false},"author":2,"featured_media":0,"parent":372,"menu_order":0,"comment_status":"closed","ping_status":"closed","template":"","meta":{"footnotes":""},"sidor":[59],"class_list":["post-2550","page","type-page","status-publish","hentry","sidor-projekt-samarbeten"],"_links":{"self":[{"href":"https:\/\/sigtunastiftelsen.se\/en\/wp-json\/wp\/v2\/pages\/2550","targetHints":{"allow":["GET"]}}],"collection":[{"href":"https:\/\/sigtunastiftelsen.se\/en\/wp-json\/wp\/v2\/pages"}],"about":[{"href":"https:\/\/sigtunastiftelsen.se\/en\/wp-json\/wp\/v2\/types\/page"}],"author":[{"embeddable":true,"href":"https:\/\/sigtunastiftelsen.se\/en\/wp-json\/wp\/v2\/users\/2"}],"replies":[{"embeddable":true,"href":"https:\/\/sigtunastiftelsen.se\/en\/wp-json\/wp\/v2\/comments?post=2550"}],"version-history":[{"count":3,"href":"https:\/\/sigtunastiftelsen.se\/en\/wp-json\/wp\/v2\/pages\/2550\/revisions"}],"predecessor-version":[{"id":2689,"href":"https:\/\/sigtunastiftelsen.se\/en\/wp-json\/wp\/v2\/pages\/2550\/revisions\/2689"}],"up":[{"embeddable":true,"href":"https:\/\/sigtunastiftelsen.se\/en\/wp-json\/wp\/v2\/pages\/372"}],"wp:attachment":[{"href":"https:\/\/sigtunastiftelsen.se\/en\/wp-json\/wp\/v2\/media?parent=2550"}],"wp:term":[{"taxonomy":"sidor","embeddable":true,"href":"https:\/\/sigtunastiftelsen.se\/en\/wp-json\/wp\/v2\/sidor?post=2550"}],"curies":[{"name":"wp","href":"https:\/\/api.w.org\/{rel}","templated":true}]}}